{"id":10871,"date":"2025-10-16T20:14:09","date_gmt":"2025-10-16T20:14:09","guid":{"rendered":"https:\/\/ariarealestate.rs\/?page_id=10871"},"modified":"2026-01-06T16:52:44","modified_gmt":"2026-01-06T16:52:44","slug":"prodaja-garaza-i-parking-mesta","status":"publish","type":"page","link":"https:\/\/ariarealestate.rs\/en\/prodaja-garaza-i-parking-mesta\/","title":{"rendered":"Prodaja gara\u017ea i parking mesta"},"content":{"rendered":"<div data-elementor-type=\"wp-page\" data-elementor-id=\"10871\" class=\"elementor elementor-10871\">\n\t\t\t\t<div class=\"elementor-element elementor-element-b41e2bb e-flex e-con-boxed e-con e-parent\" data-id=\"b41e2bb\" data-element_type=\"container\" data-e-type=\"container\">\n\t\t\t\t\t<div class=\"e-con-inner\">\n\t\t\t\t<div class=\"elementor-element elementor-element-3a4d65f3 elementor-widget elementor-widget-hfe-infocard\" data-id=\"3a4d65f3\" data-element_type=\"widget\" data-e-type=\"widget\" data-widget_type=\"hfe-infocard.default\">\n\t\t\t\t<div class=\"elementor-widget-container\">\n\t\t\t\t\t\n\t\t<div class=\"hfe-infocard\">\n\t\t\t\t\t\t\t\t\t<div class=\"hfe-infocard-title-wrap\">\n\t\t\t\t<h3 class=\"hfe-infocard-title elementor-inline-editing\" data-elementor-setting-key=\"infocard_title\" data-elementor-inline-editing-toolbar=\"basic\" >NOT AVAILABLE<\/h3>\t\t\t<\/div>\n\t\t\t\t\t\t<div class=\"hfe-infocard-text-wrap\">\n\t\t\t\t<div class=\"hfe-infocard-text elementor-inline-editing\" data-elementor-setting-key=\"infocard_description\" data-elementor-inline-editing-toolbar=\"advanced\">\n\t\t\t\t\t<p>We currently have no offers for the sale of garages and parking spaces. Thanks for your interest!<\/p>\t\t\t\t<\/div>\n\t\t\t\t\t\t\t<div class=\"hfe-button-wrapper elementor-widget-button\">\n\t\t\t\t<a href=\"\/\" class=\"elementor-button-link elementor-button elementor-size-sm\">\n\t\t\t\t\t<span class=\"elementor-button-text elementor-inline-editing\"  data-elementor-setting-key=\"infocard_button_text\" data-elementor-inline-editing-toolbar=\"none\">Back<\/span>\n\t\t\t\t<\/a>\n\t\t\t<\/div>\n\t\t\t\t\t\t<\/div>\n\t\t<\/div>\n\n\t\t\t\t\t\t<\/div>\n\t\t\t\t<\/div>\n\t\t\t\t\t<\/div>\n\t\t\t\t<\/div>\n\t\t\t\t<\/div>","protected":false},"excerpt":{"rendered":"<p>NIJE DOSTUPNO Trenutno nemamo ponude za prodaju gara\u017ea i parking mesta. Hvala na interesovanju! Nazad<\/p>","protected":false},"author":3,"featured_media":0,"parent":0,"menu_order":0,"comment_status":"closed","ping_status":"closed","template":"","meta":{"footnotes":""},"class_list":["post-10871","page","type-page","status-publish","hentry"],"yoast_head":"<!-- This site is optimized with the Yoast SEO plugin v27.4 - https:\/\/yoast.com\/product\/yoast-seo-wordpress\/ -->\n<title>Prodaja gara\u017ea i parking mesta | Aria Real Estate<\/title>\n<meta name=\"description\" content=\"Gara\u017ee i parking mesta na prodaju. Aria Real Estate nudi sigurnu kupovinu ili zakup uz kompletnu pravnu i stru\u010dnu podr\u0161ku.\" \/>\n<meta name=\"robots\" content=\"index, follow, max-snippet:-1, max-image-preview:large, max-video-preview:-1\" \/>\n<link rel=\"canonical\" href=\"https:\/\/ariarealestate.rs\/en\/prodaja-garaza-i-parking-mesta\/\" \/>\n<meta property=\"og:locale\" content=\"en_GB\" \/>\n<meta property=\"og:type\" content=\"article\" \/>\n<meta property=\"og:title\" content=\"Prodaja gara\u017ea i parking mesta | Aria Real Estate\" \/>\n<meta property=\"og:description\" content=\"Gara\u017ee i parking mesta na prodaju. Aria Real Estate nudi sigurnu kupovinu ili zakup uz kompletnu pravnu i stru\u010dnu podr\u0161ku.\" \/>\n<meta property=\"og:url\" content=\"https:\/\/ariarealestate.rs\/en\/prodaja-garaza-i-parking-mesta\/\" \/>\n<meta property=\"og:site_name\" content=\"Aria Real Estate\" \/>\n<meta property=\"article:modified_time\" content=\"2026-01-06T16:52:44+00:00\" \/>\n<meta property=\"og:image\" content=\"https:\/\/ariarealestate.rs\/wp-content\/uploads\/2025\/06\/aria-realestate-logo-1.jpg\" \/>\n\t<meta property=\"og:image:width\" content=\"720\" \/>\n\t<meta property=\"og:image:height\" content=\"540\" \/>\n\t<meta property=\"og:image:type\" content=\"image\/jpeg\" \/>\n<meta name=\"twitter:card\" content=\"summary_large_image\" \/>\n<meta name=\"twitter:label1\" content=\"Estimated reading time\" \/>\n\t<meta name=\"twitter:data1\" content=\"1 minute\" \/>\n<script type=\"application\/ld+json\" class=\"yoast-schema-graph\">{\"@context\":\"https:\\\/\\\/schema.org\",\"@graph\":[{\"@type\":\"WebPage\",\"@id\":\"https:\\\/\\\/ariarealestate.rs\\\/prodaja-garaza-i-parking-mesta\\\/\",\"url\":\"https:\\\/\\\/ariarealestate.rs\\\/prodaja-garaza-i-parking-mesta\\\/\",\"name\":\"Prodaja gara\u017ea i parking mesta | Aria Real Estate\",\"isPartOf\":{\"@id\":\"https:\\\/\\\/ariarealestate.rs\\\/#website\"},\"datePublished\":\"2025-10-16T20:14:09+00:00\",\"dateModified\":\"2026-01-06T16:52:44+00:00\",\"description\":\"Gara\u017ee i parking mesta na prodaju. Aria Real Estate nudi sigurnu kupovinu ili zakup uz kompletnu pravnu i stru\u010dnu podr\u0161ku.\",\"breadcrumb\":{\"@id\":\"https:\\\/\\\/ariarealestate.rs\\\/prodaja-garaza-i-parking-mesta\\\/#breadcrumb\"},\"inLanguage\":\"en-GB\",\"potentialAction\":[{\"@type\":\"ReadAction\",\"target\":[\"https:\\\/\\\/ariarealestate.rs\\\/prodaja-garaza-i-parking-mesta\\\/\"]}]},{\"@type\":\"BreadcrumbList\",\"@id\":\"https:\\\/\\\/ariarealestate.rs\\\/prodaja-garaza-i-parking-mesta\\\/#breadcrumb\",\"itemListElement\":[{\"@type\":\"ListItem\",\"position\":1,\"name\":\"\u041f\u043e\u0447\u0435\u0442\u043d\u0430\",\"item\":\"https:\\\/\\\/ariarealestate.rs\\\/\"},{\"@type\":\"ListItem\",\"position\":2,\"name\":\"Prodaja gara\u017ea i parking mesta\"}]},{\"@type\":\"WebSite\",\"@id\":\"https:\\\/\\\/ariarealestate.rs\\\/#website\",\"url\":\"https:\\\/\\\/ariarealestate.rs\\\/\",\"name\":\"Aria Real Estate | Agencija za nekretnine\",\"description\":\"Put do prostora koji vam pripada\",\"publisher\":{\"@id\":\"https:\\\/\\\/ariarealestate.rs\\\/#organization\"},\"alternateName\":\"Aria Real Estate\",\"potentialAction\":[{\"@type\":\"SearchAction\",\"target\":{\"@type\":\"EntryPoint\",\"urlTemplate\":\"https:\\\/\\\/ariarealestate.rs\\\/?s={search_term_string}\"},\"query-input\":{\"@type\":\"PropertyValueSpecification\",\"valueRequired\":true,\"valueName\":\"search_term_string\"}}],\"inLanguage\":\"en-GB\"},{\"@type\":\"Organization\",\"@id\":\"https:\\\/\\\/ariarealestate.rs\\\/#organization\",\"name\":\"Aria Real Estate\",\"url\":\"https:\\\/\\\/ariarealestate.rs\\\/\",\"logo\":{\"@type\":\"ImageObject\",\"inLanguage\":\"en-GB\",\"@id\":\"https:\\\/\\\/ariarealestate.rs\\\/#\\\/schema\\\/logo\\\/image\\\/\",\"url\":\"https:\\\/\\\/ariarealestate.rs\\\/wp-content\\\/uploads\\\/2025\\\/06\\\/aria-realestate-logo-1.jpg\",\"contentUrl\":\"https:\\\/\\\/ariarealestate.rs\\\/wp-content\\\/uploads\\\/2025\\\/06\\\/aria-realestate-logo-1.jpg\",\"width\":720,\"height\":540,\"caption\":\"Aria Real Estate\"},\"image\":{\"@id\":\"https:\\\/\\\/ariarealestate.rs\\\/#\\\/schema\\\/logo\\\/image\\\/\"}}]}<\/script>\n<!-- \/ Yoast SEO plugin. -->","yoast_head_json":{"title":"Prodaja gara\u017ea i parking mesta | Aria Real Estate","description":"Gara\u017ee i parking mesta na prodaju. Aria Real Estate nudi sigurnu kupovinu ili zakup uz kompletnu pravnu i stru\u010dnu podr\u0161ku.","robots":{"index":"index","follow":"follow","max-snippet":"max-snippet:-1","max-image-preview":"max-image-preview:large","max-video-preview":"max-video-preview:-1"},"canonical":"https:\/\/ariarealestate.rs\/en\/prodaja-garaza-i-parking-mesta\/","og_locale":"en_GB","og_type":"article","og_title":"Prodaja gara\u017ea i parking mesta | Aria Real Estate","og_description":"Gara\u017ee i parking mesta na prodaju. Aria Real Estate nudi sigurnu kupovinu ili zakup uz kompletnu pravnu i stru\u010dnu podr\u0161ku.","og_url":"https:\/\/ariarealestate.rs\/en\/prodaja-garaza-i-parking-mesta\/","og_site_name":"Aria Real Estate","article_modified_time":"2026-01-06T16:52:44+00:00","og_image":[{"width":720,"height":540,"url":"https:\/\/ariarealestate.rs\/wp-content\/uploads\/2025\/06\/aria-realestate-logo-1.jpg","type":"image\/jpeg"}],"twitter_card":"summary_large_image","twitter_misc":{"Estimated reading time":"1 minute"},"schema":{"@context":"https:\/\/schema.org","@graph":[{"@type":"WebPage","@id":"https:\/\/ariarealestate.rs\/prodaja-garaza-i-parking-mesta\/","url":"https:\/\/ariarealestate.rs\/prodaja-garaza-i-parking-mesta\/","name":"Prodaja gara\u017ea i parking mesta | Aria Real Estate","isPartOf":{"@id":"https:\/\/ariarealestate.rs\/#website"},"datePublished":"2025-10-16T20:14:09+00:00","dateModified":"2026-01-06T16:52:44+00:00","description":"Gara\u017ee i parking mesta na prodaju. Aria Real Estate nudi sigurnu kupovinu ili zakup uz kompletnu pravnu i stru\u010dnu podr\u0161ku.","breadcrumb":{"@id":"https:\/\/ariarealestate.rs\/prodaja-garaza-i-parking-mesta\/#breadcrumb"},"inLanguage":"en-GB","potentialAction":[{"@type":"ReadAction","target":["https:\/\/ariarealestate.rs\/prodaja-garaza-i-parking-mesta\/"]}]},{"@type":"BreadcrumbList","@id":"https:\/\/ariarealestate.rs\/prodaja-garaza-i-parking-mesta\/#breadcrumb","itemListElement":[{"@type":"ListItem","position":1,"name":"\u041f\u043e\u0447\u0435\u0442\u043d\u0430","item":"https:\/\/ariarealestate.rs\/"},{"@type":"ListItem","position":2,"name":"Prodaja gara\u017ea i parking mesta"}]},{"@type":"WebSite","@id":"https:\/\/ariarealestate.rs\/#website","url":"https:\/\/ariarealestate.rs\/","name":"Aria Real Estate | Agencija za nekretnine","description":"Put do prostora koji vam pripada","publisher":{"@id":"https:\/\/ariarealestate.rs\/#organization"},"alternateName":"Aria Real Estate","potentialAction":[{"@type":"SearchAction","target":{"@type":"EntryPoint","urlTemplate":"https:\/\/ariarealestate.rs\/?s={search_term_string}"},"query-input":{"@type":"PropertyValueSpecification","valueRequired":true,"valueName":"search_term_string"}}],"inLanguage":"en-GB"},{"@type":"Organization","@id":"https:\/\/ariarealestate.rs\/#organization","name":"Aria Real Estate","url":"https:\/\/ariarealestate.rs\/","logo":{"@type":"ImageObject","inLanguage":"en-GB","@id":"https:\/\/ariarealestate.rs\/#\/schema\/logo\/image\/","url":"https:\/\/ariarealestate.rs\/wp-content\/uploads\/2025\/06\/aria-realestate-logo-1.jpg","contentUrl":"https:\/\/ariarealestate.rs\/wp-content\/uploads\/2025\/06\/aria-realestate-logo-1.jpg","width":720,"height":540,"caption":"Aria Real Estate"},"image":{"@id":"https:\/\/ariarealestate.rs\/#\/schema\/logo\/image\/"}}]}},"_links":{"self":[{"href":"https:\/\/ariarealestate.rs\/en\/wp-json\/wp\/v2\/pages\/10871","targetHints":{"allow":["GET"]}}],"collection":[{"href":"https:\/\/ariarealestate.rs\/en\/wp-json\/wp\/v2\/pages"}],"about":[{"href":"https:\/\/ariarealestate.rs\/en\/wp-json\/wp\/v2\/types\/page"}],"author":[{"embeddable":true,"href":"https:\/\/ariarealestate.rs\/en\/wp-json\/wp\/v2\/users\/3"}],"replies":[{"embeddable":true,"href":"https:\/\/ariarealestate.rs\/en\/wp-json\/wp\/v2\/comments?post=10871"}],"version-history":[{"count":80,"href":"https:\/\/ariarealestate.rs\/en\/wp-json\/wp\/v2\/pages\/10871\/revisions"}],"predecessor-version":[{"id":21213,"href":"https:\/\/ariarealestate.rs\/en\/wp-json\/wp\/v2\/pages\/10871\/revisions\/21213"}],"wp:attachment":[{"href":"https:\/\/ariarealestate.rs\/en\/wp-json\/wp\/v2\/media?parent=10871"}],"curies":[{"name":"wp","href":"https:\/\/api.w.org\/{rel}","templated":true}]}}